{"id":925,"date":"2022-08-02T12:57:12","date_gmt":"2022-08-02T12:57:12","guid":{"rendered":"https:\/\/www.fovyv.fr\/?page_id=925"},"modified":"2022-08-02T12:57:12","modified_gmt":"2022-08-02T12:57:12","slug":"vyv","status":"publish","type":"page","link":"https:\/\/www.fovyv.fr\/?page_id=925","title":{"rendered":"VYV"},"content":{"rendered":"","protected":false},"excerpt":{"rendered":"<div class=\"mh-excerpt\"><\/div>","protected":false},"author":2,"featured_media":0,"parent":0,"menu_order":0,"comment_status":"closed","ping_status":"closed","template":"","meta":{"_uag_custom_page_level_css":"","footnotes":""},"class_list":["post-925","page","type-page","status-publish","hentry"],"yoast_head":"<!-- This site is optimized with the Yoast SEO plugin v27.5 - https:\/\/yoast.com\/product\/yoast-seo-wordpress\/ -->\n<title>VYV - Syndicat Force Ouvri\u00e8re - Groupe VYV<\/title>\n<meta name=\"robots\" content=\"index, follow, max-snippet:-1, max-image-preview:large, max-video-preview:-1\" \/>\n<link rel=\"canonical\" href=\"https:\/\/www.fovyv.fr\/?page_id=925\" \/>\n<meta property=\"og:locale\" content=\"fr_FR\" \/>\n<meta property=\"og:type\" content=\"article\" \/>\n<meta property=\"og:title\" content=\"VYV - Syndicat Force Ouvri\u00e8re - Groupe VYV\" \/>\n<meta property=\"og:url\" content=\"https:\/\/www.fovyv.fr\/?page_id=925\" \/>\n<meta property=\"og:site_name\" content=\"Syndicat Force Ouvri\u00e8re - Groupe VYV\" \/>\n<meta property=\"article:publisher\" content=\"https:\/\/www.facebook.com\/fovyvcarepaysdelaloire\" \/>\n<meta property=\"og:image\" content=\"https:\/\/www.fovyv.fr\/wp-content\/uploads\/2023\/01\/image_0550986_20230106_ob_342640_retraite.jpg\" \/>\n\t<meta property=\"og:image:width\" content=\"614\" \/>\n\t<meta property=\"og:image:height\" content=\"865\" \/>\n\t<meta property=\"og:image:type\" content=\"image\/jpeg\" \/>\n<meta name=\"twitter:card\" content=\"summary_large_image\" \/>\n<meta name=\"twitter:site\" content=\"@VYVFO\" \/>\n<script type=\"application\/ld+json\" class=\"yoast-schema-graph\">{\"@context\":\"https:\\\/\\\/schema.org\",\"@graph\":[{\"@type\":\"WebPage\",\"@id\":\"https:\\\/\\\/www.fovyv.fr\\\/?page_id=925\",\"url\":\"https:\\\/\\\/www.fovyv.fr\\\/?page_id=925\",\"name\":\"VYV - Syndicat Force Ouvri\u00e8re - Groupe VYV\",\"isPartOf\":{\"@id\":\"https:\\\/\\\/www.fovyv.fr\\\/#website\"},\"datePublished\":\"2022-08-02T12:57:12+00:00\",\"breadcrumb\":{\"@id\":\"https:\\\/\\\/www.fovyv.fr\\\/?page_id=925#breadcrumb\"},\"inLanguage\":\"fr-FR\",\"potentialAction\":[{\"@type\":\"ReadAction\",\"target\":[\"https:\\\/\\\/www.fovyv.fr\\\/?page_id=925\"]}]},{\"@type\":\"BreadcrumbList\",\"@id\":\"https:\\\/\\\/www.fovyv.fr\\\/?page_id=925#breadcrumb\",\"itemListElement\":[{\"@type\":\"ListItem\",\"position\":1,\"name\":\"Accueil\",\"item\":\"https:\\\/\\\/www.fovyv.fr\\\/\"},{\"@type\":\"ListItem\",\"position\":2,\"name\":\"VYV\"}]},{\"@type\":\"WebSite\",\"@id\":\"https:\\\/\\\/www.fovyv.fr\\\/#website\",\"url\":\"https:\\\/\\\/www.fovyv.fr\\\/\",\"name\":\"Syndicat Force Ouvri\u00e8re - Groupe VYV\",\"description\":\"R\u00e9sister, Revendiquer, Reconqu\u00e9rir\",\"publisher\":{\"@id\":\"https:\\\/\\\/www.fovyv.fr\\\/#organization\"},\"potentialAction\":[{\"@type\":\"SearchAction\",\"target\":{\"@type\":\"EntryPoint\",\"urlTemplate\":\"https:\\\/\\\/www.fovyv.fr\\\/?s={search_term_string}\"},\"query-input\":{\"@type\":\"PropertyValueSpecification\",\"valueRequired\":true,\"valueName\":\"search_term_string\"}}],\"inLanguage\":\"fr-FR\"},{\"@type\":\"Organization\",\"@id\":\"https:\\\/\\\/www.fovyv.fr\\\/#organization\",\"name\":\"Syndicat Force Ouvri\u00e8re - Groupe VYV\",\"url\":\"https:\\\/\\\/www.fovyv.fr\\\/\",\"logo\":{\"@type\":\"ImageObject\",\"inLanguage\":\"fr-FR\",\"@id\":\"https:\\\/\\\/www.fovyv.fr\\\/#\\\/schema\\\/logo\\\/image\\\/\",\"url\":\"https:\\\/\\\/www.fovyv.fr\\\/wp-content\\\/uploads\\\/2022\\\/08\\\/logo_fo_VYV-1.png\",\"contentUrl\":\"https:\\\/\\\/www.fovyv.fr\\\/wp-content\\\/uploads\\\/2022\\\/08\\\/logo_fo_VYV-1.png\",\"width\":842,\"height\":595,\"caption\":\"Syndicat Force Ouvri\u00e8re - Groupe VYV\"},\"image\":{\"@id\":\"https:\\\/\\\/www.fovyv.fr\\\/#\\\/schema\\\/logo\\\/image\\\/\"},\"sameAs\":[\"https:\\\/\\\/www.facebook.com\\\/fovyvcarepaysdelaloire\",\"https:\\\/\\\/x.com\\\/VYVFO\",\"https:\\\/\\\/www.instagram.com\\\/fo_vyv\\\/?hl=fr\"]}]}<\/script>\n<!-- \/ Yoast SEO plugin. -->","yoast_head_json":{"title":"VYV - Syndicat Force Ouvri\u00e8re - Groupe VYV","robots":{"index":"index","follow":"follow","max-snippet":"max-snippet:-1","max-image-preview":"max-image-preview:large","max-video-preview":"max-video-preview:-1"},"canonical":"https:\/\/www.fovyv.fr\/?page_id=925","og_locale":"fr_FR","og_type":"article","og_title":"VYV - Syndicat Force Ouvri\u00e8re - Groupe VYV","og_url":"https:\/\/www.fovyv.fr\/?page_id=925","og_site_name":"Syndicat Force Ouvri\u00e8re - Groupe VYV","article_publisher":"https:\/\/www.facebook.com\/fovyvcarepaysdelaloire","og_image":[{"width":614,"height":865,"url":"https:\/\/www.fovyv.fr\/wp-content\/uploads\/2023\/01\/image_0550986_20230106_ob_342640_retraite.jpg","type":"image\/jpeg"}],"twitter_card":"summary_large_image","twitter_site":"@VYVFO","schema":{"@context":"https:\/\/schema.org","@graph":[{"@type":"WebPage","@id":"https:\/\/www.fovyv.fr\/?page_id=925","url":"https:\/\/www.fovyv.fr\/?page_id=925","name":"VYV - Syndicat Force Ouvri\u00e8re - Groupe VYV","isPartOf":{"@id":"https:\/\/www.fovyv.fr\/#website"},"datePublished":"2022-08-02T12:57:12+00:00","breadcrumb":{"@id":"https:\/\/www.fovyv.fr\/?page_id=925#breadcrumb"},"inLanguage":"fr-FR","potentialAction":[{"@type":"ReadAction","target":["https:\/\/www.fovyv.fr\/?page_id=925"]}]},{"@type":"BreadcrumbList","@id":"https:\/\/www.fovyv.fr\/?page_id=925#breadcrumb","itemListElement":[{"@type":"ListItem","position":1,"name":"Accueil","item":"https:\/\/www.fovyv.fr\/"},{"@type":"ListItem","position":2,"name":"VYV"}]},{"@type":"WebSite","@id":"https:\/\/www.fovyv.fr\/#website","url":"https:\/\/www.fovyv.fr\/","name":"Syndicat Force Ouvri\u00e8re - Groupe VYV","description":"R\u00e9sister, Revendiquer, Reconqu\u00e9rir","publisher":{"@id":"https:\/\/www.fovyv.fr\/#organization"},"potentialAction":[{"@type":"SearchAction","target":{"@type":"EntryPoint","urlTemplate":"https:\/\/www.fovyv.fr\/?s={search_term_string}"},"query-input":{"@type":"PropertyValueSpecification","valueRequired":true,"valueName":"search_term_string"}}],"inLanguage":"fr-FR"},{"@type":"Organization","@id":"https:\/\/www.fovyv.fr\/#organization","name":"Syndicat Force Ouvri\u00e8re - Groupe VYV","url":"https:\/\/www.fovyv.fr\/","logo":{"@type":"ImageObject","inLanguage":"fr-FR","@id":"https:\/\/www.fovyv.fr\/#\/schema\/logo\/image\/","url":"https:\/\/www.fovyv.fr\/wp-content\/uploads\/2022\/08\/logo_fo_VYV-1.png","contentUrl":"https:\/\/www.fovyv.fr\/wp-content\/uploads\/2022\/08\/logo_fo_VYV-1.png","width":842,"height":595,"caption":"Syndicat Force Ouvri\u00e8re - Groupe VYV"},"image":{"@id":"https:\/\/www.fovyv.fr\/#\/schema\/logo\/image\/"},"sameAs":["https:\/\/www.facebook.com\/fovyvcarepaysdelaloire","https:\/\/x.com\/VYVFO","https:\/\/www.instagram.com\/fo_vyv\/?hl=fr"]}]}},"uagb_featured_image_src":{"full":false,"thumbnail":false,"medium":false,"medium_large":false,"large":false,"1536x1536":false,"2048x2048":false,"mh-magazine-lite-slider":false,"mh-magazine-lite-content":false,"mh-magazine-lite-large":false,"mh-magazine-lite-medium":false,"mh-magazine-lite-small":false},"uagb_author_info":{"display_name":"fovyv","author_link":"https:\/\/www.fovyv.fr\/?author=2"},"uagb_comment_info":0,"uagb_excerpt":null,"_links":{"self":[{"href":"https:\/\/www.fovyv.fr\/index.php?rest_route=\/wp\/v2\/pages\/925","targetHints":{"allow":["GET"]}}],"collection":[{"href":"https:\/\/www.fovyv.fr\/index.php?rest_route=\/wp\/v2\/pages"}],"about":[{"href":"https:\/\/www.fovyv.fr\/index.php?rest_route=\/wp\/v2\/types\/page"}],"author":[{"embeddable":true,"href":"https:\/\/www.fovyv.fr\/index.php?rest_route=\/wp\/v2\/users\/2"}],"replies":[{"embeddable":true,"href":"https:\/\/www.fovyv.fr\/index.php?rest_route=%2Fwp%2Fv2%2Fcomments&post=925"}],"version-history":[{"count":1,"href":"https:\/\/www.fovyv.fr\/index.php?rest_route=\/wp\/v2\/pages\/925\/revisions"}],"predecessor-version":[{"id":926,"href":"https:\/\/www.fovyv.fr\/index.php?rest_route=\/wp\/v2\/pages\/925\/revisions\/926"}],"wp:attachment":[{"href":"https:\/\/www.fovyv.fr\/index.php?rest_route=%2Fwp%2Fv2%2Fmedia&parent=925"}],"curies":[{"name":"wp","href":"https:\/\/api.w.org\/{rel}","templated":true}]}}