{"id":996,"date":"2022-08-02T14:44:08","date_gmt":"2022-08-02T14:44:08","guid":{"rendered":"https:\/\/www.fovyv.fr\/?page_id=996"},"modified":"2022-08-26T10:14:56","modified_gmt":"2022-08-26T10:14:56","slug":"nous-contacter","status":"publish","type":"page","link":"https:\/\/www.fovyv.fr\/?page_id=996","title":{"rendered":"Nous contacter"},"content":{"rendered":"\n<p><\/p>\n\n\n<p><img loading=\"lazy\" decoding=\"async\" src=\"https:\/\/www.fovyv.fr\/wp-content\/uploads\/2022\/08\/logo_fo_VYV-1.png\" sizes=\"auto, (max-width: 842px) 100vw, 842px\" srcset=\"https:\/\/www.fovyv.fr\/wp-content\/uploads\/2022\/08\/logo_fo_VYV-1.png 842w, https:\/\/www.fovyv.fr\/wp-content\/uploads\/2022\/08\/logo_fo_VYV-1-300x212.png 300w, https:\/\/www.fovyv.fr\/wp-content\/uploads\/2022\/08\/logo_fo_VYV-1-768x543.png 768w\" alt=\"\" width=\"842\" height=\"595\" \/><br \/><img loading=\"lazy\" decoding=\"async\" src=\"https:\/\/www.fovyv.fr\/wp-content\/uploads\/2022\/08\/8600d79_CFdyaWHmVlkUZa8-7o2KUBlH-2-1024x512.jpg\" sizes=\"auto, (max-width: 1024px) 100vw, 1024px\" srcset=\"https:\/\/www.fovyv.fr\/wp-content\/uploads\/2022\/08\/8600d79_CFdyaWHmVlkUZa8-7o2KUBlH-2-1024x512.jpg 1024w, https:\/\/www.fovyv.fr\/wp-content\/uploads\/2022\/08\/8600d79_CFdyaWHmVlkUZa8-7o2KUBlH-2-300x150.jpg 300w, https:\/\/www.fovyv.fr\/wp-content\/uploads\/2022\/08\/8600d79_CFdyaWHmVlkUZa8-7o2KUBlH-2-768x384.jpg 768w, https:\/\/www.fovyv.fr\/wp-content\/uploads\/2022\/08\/8600d79_CFdyaWHmVlkUZa8-7o2KUBlH-2.jpg 1440w\" alt=\"\" width=\"1024\" height=\"512\" \/><\/p>\n<ul>\n<li><b>Adresse:<\/b> 14 place Louis Imbach 49100 Angers<\/li>\n<li><b>T\u00e9l\u00e9phone:<\/b> 06 35 95 95 78 <br \/>Vincent LANCHE<\/li>\n<li><b>Email:<\/b> fomutualite@gmail.com<\/li>\n<\/ul>\n\n\n<h2 class=\"has-text-align-center wp-block-heading\">Contactez-nous : <\/h2>\n\n\n<div class=\"frm_forms  with_frm_style frm_style_style-formidable\" id=\"frm_form_1_container\" >\n<form enctype=\"multipart\/form-data\" method=\"post\" class=\"frm-show-form \" id=\"form_contact-form\"  >\n<div class=\"frm_form_fields \">\n<fieldset>\n<legend class=\"frm_screen_reader\">Contactez-nous<\/legend>\r\n\r\n<div class=\"frm_fields_container\">\n<input type=\"hidden\" name=\"frm_action\" value=\"create\" \/>\n<input type=\"hidden\" name=\"form_id\" value=\"1\" \/>\n<input type=\"hidden\" name=\"frm_hide_fields_1\" id=\"frm_hide_fields_1\" value=\"\" \/>\n<input type=\"hidden\" name=\"form_key\" value=\"contact-form\" \/>\n<input type=\"hidden\" name=\"item_meta[0]\" value=\"\" \/>\n<input type=\"hidden\" id=\"frm_submit_entry_1\" name=\"frm_submit_entry_1\" value=\"0c71128102\" \/><input type=\"hidden\" name=\"_wp_http_referer\" value=\"\/index.php?rest_route=%2Fwp%2Fv2%2Fpages%2F996\" \/><div id=\"frm_field_1_container\" class=\"frm_form_field form-field  frm_required_field frm_top_container frm_first frm_half\">\r\n    <label for=\"field_qh4icy\" id=\"field_qh4icy_label\" class=\"frm_primary_label\">Nom\r\n        <span class=\"frm_required\" aria-hidden=\"true\">*<\/span>\r\n    <\/label>\r\n    <input type=\"text\" id=\"field_qh4icy\" name=\"item_meta[1]\" value=\"\"  placeholder=\"Nom\" data-reqmsg=\"Ce champ ne peut pas \u00eatre vide\" aria-required=\"true\" data-invmsg=\"Name est non valide\" aria-invalid=\"false\"  \/>\r\n    \r\n    \r\n<\/div>\n<div id=\"frm_field_2_container\" class=\"frm_form_field form-field  frm_required_field frm_hidden_container frm_half\">\r\n    <label for=\"field_ocfup1\" id=\"field_ocfup1_label\" class=\"frm_primary_label\">Pr\u00e9nom\r\n        <span class=\"frm_required\" aria-hidden=\"true\">*<\/span>\r\n    <\/label>\r\n    <input type=\"text\" id=\"field_ocfup1\" name=\"item_meta[2]\" value=\"\"  placeholder=\"Pr\u00e9nom\" data-reqmsg=\"Ce champ ne peut pas \u00eatre vide\" aria-required=\"true\" data-invmsg=\"Last est non valide\" aria-invalid=\"false\"  \/>\r\n    \r\n    \r\n<\/div>\n<div id=\"frm_field_3_container\" class=\"frm_form_field form-field  frm_required_field frm_top_container frm_full\">\r\n    <label for=\"field_29yf4d\" id=\"field_29yf4d_label\" class=\"frm_primary_label\">Email\r\n        <span class=\"frm_required\" aria-hidden=\"true\">*<\/span>\r\n    <\/label>\r\n    <input type=\"email\" id=\"field_29yf4d\" name=\"item_meta[3]\" value=\"\"  data-reqmsg=\"Ce champ ne peut pas \u00eatre vide\" aria-required=\"true\" data-invmsg=\"Please enter a valid email address\" aria-invalid=\"false\"  \/>\r\n    \r\n    \r\n<\/div>\n<div id=\"frm_field_4_container\" class=\"frm_form_field form-field  frm_required_field frm_top_container frm_full\">\r\n    <label for=\"field_e6lis6\" id=\"field_e6lis6_label\" class=\"frm_primary_label\">objet\r\n        <span class=\"frm_required\" aria-hidden=\"true\">*<\/span>\r\n    <\/label>\r\n    <input type=\"text\" id=\"field_e6lis6\" name=\"item_meta[4]\" value=\"\"  data-reqmsg=\"Ce champ ne peut pas \u00eatre vide\" aria-required=\"true\" data-invmsg=\"Subject est non valide\" aria-invalid=\"false\"  \/>\r\n    \r\n    \r\n<\/div>\n<div id=\"frm_field_5_container\" class=\"frm_form_field form-field  frm_required_field frm_top_container frm_full\">\r\n    <label for=\"field_9jv0r1\" id=\"field_9jv0r1_label\" class=\"frm_primary_label\">Message\r\n        <span class=\"frm_required\" aria-hidden=\"true\">*<\/span>\r\n    <\/label>\r\n    <textarea name=\"item_meta[5]\" id=\"field_9jv0r1\" rows=\"5\"  data-reqmsg=\"Ce champ ne peut pas \u00eatre vide\" aria-required=\"true\" data-invmsg=\"Message est non valide\" aria-invalid=\"false\"  ><\/textarea>\r\n    \r\n    \r\n<\/div>\n\t<input type=\"hidden\" name=\"item_key\" value=\"\" \/>\n\t\t\t\t<div class=\"frm_verify\" aria-hidden=\"true\">\n\t\t\t\t<label for=\"frm_email_1\">\n\t\t\t\t\tSi vous \u00eates un humain, ne remplissez pas ce champ.\t\t\t\t<\/label>\n\t\t\t\t<input type=\"text\" class=\"frm_verify\" id=\"frm_email_1\" name=\"frm_verify\" value=\"\"  \/>\n\t\t\t<\/div>\n\t\t<div class=\"frm_submit\">\r\n\r\n<button class=\"frm_button_submit\" type=\"submit\"  >Envoyer<\/button>\r\n\r\n\r\n<\/div><\/div>\n<\/fieldset>\n<\/div>\n<\/form>\n<\/div>\n","protected":false},"excerpt":{"rendered":"<div class=\"mh-excerpt\"><p>Adresse: 14 place Louis Imbach 49100 Angers T\u00e9l\u00e9phone: 06 35 95 95 78 Vincent LANCHE Email: fomutualite@gmail.com Contactez-nous :<\/p>\n<\/div>","protected":false},"author":2,"featured_media":0,"parent":0,"menu_order":0,"comment_status":"closed","ping_status":"closed","template":"","meta":{"_uag_custom_page_level_css":"","footnotes":""},"class_list":["post-996","page","type-page","status-publish","hentry"],"yoast_head":"<!-- This site is optimized with the Yoast SEO plugin v27.5 - https:\/\/yoast.com\/product\/yoast-seo-wordpress\/ -->\n<title>Nous contacter - Syndicat Force Ouvri\u00e8re - Groupe VYV<\/title>\n<meta name=\"robots\" content=\"index, follow, max-snippet:-1, max-image-preview:large, max-video-preview:-1\" \/>\n<link rel=\"canonical\" href=\"https:\/\/www.fovyv.fr\/?page_id=996\" \/>\n<meta property=\"og:locale\" content=\"fr_FR\" \/>\n<meta property=\"og:type\" content=\"article\" \/>\n<meta property=\"og:title\" content=\"Nous contacter - Syndicat Force Ouvri\u00e8re - Groupe VYV\" \/>\n<meta property=\"og:description\" content=\"Adresse: 14 place Louis Imbach 49100 Angers T\u00e9l\u00e9phone: 06 35 95 95 78 Vincent LANCHE Email: fomutualite@gmail.com Contactez-nous :\" \/>\n<meta property=\"og:url\" content=\"https:\/\/www.fovyv.fr\/?page_id=996\" \/>\n<meta property=\"og:site_name\" content=\"Syndicat Force Ouvri\u00e8re - Groupe VYV\" \/>\n<meta property=\"article:publisher\" content=\"https:\/\/www.facebook.com\/fovyvcarepaysdelaloire\" \/>\n<meta property=\"article:modified_time\" content=\"2022-08-26T10:14:56+00:00\" \/>\n<meta property=\"og:image\" content=\"https:\/\/www.fovyv.fr\/wp-content\/uploads\/2022\/08\/logo_fo_VYV-1.png\" \/>\n<meta name=\"twitter:card\" content=\"summary_large_image\" \/>\n<meta name=\"twitter:site\" content=\"@VYVFO\" \/>\n<meta name=\"twitter:label1\" content=\"Dur\u00e9e de lecture estim\u00e9e\" \/>\n\t<meta name=\"twitter:data1\" content=\"1 minute\" \/>\n<script type=\"application\/ld+json\" class=\"yoast-schema-graph\">{\"@context\":\"https:\\\/\\\/schema.org\",\"@graph\":[{\"@type\":\"WebPage\",\"@id\":\"https:\\\/\\\/www.fovyv.fr\\\/?page_id=996\",\"url\":\"https:\\\/\\\/www.fovyv.fr\\\/?page_id=996\",\"name\":\"Nous contacter - Syndicat Force Ouvri\u00e8re - Groupe VYV\",\"isPartOf\":{\"@id\":\"https:\\\/\\\/www.fovyv.fr\\\/#website\"},\"primaryImageOfPage\":{\"@id\":\"https:\\\/\\\/www.fovyv.fr\\\/?page_id=996#primaryimage\"},\"image\":{\"@id\":\"https:\\\/\\\/www.fovyv.fr\\\/?page_id=996#primaryimage\"},\"thumbnailUrl\":\"https:\\\/\\\/www.fovyv.fr\\\/wp-content\\\/uploads\\\/2022\\\/08\\\/logo_fo_VYV-1.png\",\"datePublished\":\"2022-08-02T14:44:08+00:00\",\"dateModified\":\"2022-08-26T10:14:56+00:00\",\"breadcrumb\":{\"@id\":\"https:\\\/\\\/www.fovyv.fr\\\/?page_id=996#breadcrumb\"},\"inLanguage\":\"fr-FR\",\"potentialAction\":[{\"@type\":\"ReadAction\",\"target\":[\"https:\\\/\\\/www.fovyv.fr\\\/?page_id=996\"]}]},{\"@type\":\"ImageObject\",\"inLanguage\":\"fr-FR\",\"@id\":\"https:\\\/\\\/www.fovyv.fr\\\/?page_id=996#primaryimage\",\"url\":\"https:\\\/\\\/www.fovyv.fr\\\/wp-content\\\/uploads\\\/2022\\\/08\\\/logo_fo_VYV-1.png\",\"contentUrl\":\"https:\\\/\\\/www.fovyv.fr\\\/wp-content\\\/uploads\\\/2022\\\/08\\\/logo_fo_VYV-1.png\",\"width\":842,\"height\":595},{\"@type\":\"BreadcrumbList\",\"@id\":\"https:\\\/\\\/www.fovyv.fr\\\/?page_id=996#breadcrumb\",\"itemListElement\":[{\"@type\":\"ListItem\",\"position\":1,\"name\":\"Accueil\",\"item\":\"https:\\\/\\\/www.fovyv.fr\\\/\"},{\"@type\":\"ListItem\",\"position\":2,\"name\":\"Nous contacter\"}]},{\"@type\":\"WebSite\",\"@id\":\"https:\\\/\\\/www.fovyv.fr\\\/#website\",\"url\":\"https:\\\/\\\/www.fovyv.fr\\\/\",\"name\":\"Syndicat Force Ouvri\u00e8re - Groupe VYV\",\"description\":\"R\u00e9sister, Revendiquer, Reconqu\u00e9rir\",\"publisher\":{\"@id\":\"https:\\\/\\\/www.fovyv.fr\\\/#organization\"},\"potentialAction\":[{\"@type\":\"SearchAction\",\"target\":{\"@type\":\"EntryPoint\",\"urlTemplate\":\"https:\\\/\\\/www.fovyv.fr\\\/?s={search_term_string}\"},\"query-input\":{\"@type\":\"PropertyValueSpecification\",\"valueRequired\":true,\"valueName\":\"search_term_string\"}}],\"inLanguage\":\"fr-FR\"},{\"@type\":\"Organization\",\"@id\":\"https:\\\/\\\/www.fovyv.fr\\\/#organization\",\"name\":\"Syndicat Force Ouvri\u00e8re - Groupe VYV\",\"url\":\"https:\\\/\\\/www.fovyv.fr\\\/\",\"logo\":{\"@type\":\"ImageObject\",\"inLanguage\":\"fr-FR\",\"@id\":\"https:\\\/\\\/www.fovyv.fr\\\/#\\\/schema\\\/logo\\\/image\\\/\",\"url\":\"https:\\\/\\\/www.fovyv.fr\\\/wp-content\\\/uploads\\\/2022\\\/08\\\/logo_fo_VYV-1.png\",\"contentUrl\":\"https:\\\/\\\/www.fovyv.fr\\\/wp-content\\\/uploads\\\/2022\\\/08\\\/logo_fo_VYV-1.png\",\"width\":842,\"height\":595,\"caption\":\"Syndicat Force Ouvri\u00e8re - Groupe VYV\"},\"image\":{\"@id\":\"https:\\\/\\\/www.fovyv.fr\\\/#\\\/schema\\\/logo\\\/image\\\/\"},\"sameAs\":[\"https:\\\/\\\/www.facebook.com\\\/fovyvcarepaysdelaloire\",\"https:\\\/\\\/x.com\\\/VYVFO\",\"https:\\\/\\\/www.instagram.com\\\/fo_vyv\\\/?hl=fr\"]}]}<\/script>\n<!-- \/ Yoast SEO plugin. -->","yoast_head_json":{"title":"Nous contacter - Syndicat Force Ouvri\u00e8re - Groupe VYV","robots":{"index":"index","follow":"follow","max-snippet":"max-snippet:-1","max-image-preview":"max-image-preview:large","max-video-preview":"max-video-preview:-1"},"canonical":"https:\/\/www.fovyv.fr\/?page_id=996","og_locale":"fr_FR","og_type":"article","og_title":"Nous contacter - Syndicat Force Ouvri\u00e8re - Groupe VYV","og_description":"Adresse: 14 place Louis Imbach 49100 Angers T\u00e9l\u00e9phone: 06 35 95 95 78 Vincent LANCHE Email: fomutualite@gmail.com Contactez-nous :","og_url":"https:\/\/www.fovyv.fr\/?page_id=996","og_site_name":"Syndicat Force Ouvri\u00e8re - Groupe VYV","article_publisher":"https:\/\/www.facebook.com\/fovyvcarepaysdelaloire","article_modified_time":"2022-08-26T10:14:56+00:00","og_image":[{"url":"https:\/\/www.fovyv.fr\/wp-content\/uploads\/2022\/08\/logo_fo_VYV-1.png","type":"","width":"","height":""}],"twitter_card":"summary_large_image","twitter_site":"@VYVFO","twitter_misc":{"Dur\u00e9e de lecture estim\u00e9e":"1 minute"},"schema":{"@context":"https:\/\/schema.org","@graph":[{"@type":"WebPage","@id":"https:\/\/www.fovyv.fr\/?page_id=996","url":"https:\/\/www.fovyv.fr\/?page_id=996","name":"Nous contacter - Syndicat Force Ouvri\u00e8re - Groupe VYV","isPartOf":{"@id":"https:\/\/www.fovyv.fr\/#website"},"primaryImageOfPage":{"@id":"https:\/\/www.fovyv.fr\/?page_id=996#primaryimage"},"image":{"@id":"https:\/\/www.fovyv.fr\/?page_id=996#primaryimage"},"thumbnailUrl":"https:\/\/www.fovyv.fr\/wp-content\/uploads\/2022\/08\/logo_fo_VYV-1.png","datePublished":"2022-08-02T14:44:08+00:00","dateModified":"2022-08-26T10:14:56+00:00","breadcrumb":{"@id":"https:\/\/www.fovyv.fr\/?page_id=996#breadcrumb"},"inLanguage":"fr-FR","potentialAction":[{"@type":"ReadAction","target":["https:\/\/www.fovyv.fr\/?page_id=996"]}]},{"@type":"ImageObject","inLanguage":"fr-FR","@id":"https:\/\/www.fovyv.fr\/?page_id=996#primaryimage","url":"https:\/\/www.fovyv.fr\/wp-content\/uploads\/2022\/08\/logo_fo_VYV-1.png","contentUrl":"https:\/\/www.fovyv.fr\/wp-content\/uploads\/2022\/08\/logo_fo_VYV-1.png","width":842,"height":595},{"@type":"BreadcrumbList","@id":"https:\/\/www.fovyv.fr\/?page_id=996#breadcrumb","itemListElement":[{"@type":"ListItem","position":1,"name":"Accueil","item":"https:\/\/www.fovyv.fr\/"},{"@type":"ListItem","position":2,"name":"Nous contacter"}]},{"@type":"WebSite","@id":"https:\/\/www.fovyv.fr\/#website","url":"https:\/\/www.fovyv.fr\/","name":"Syndicat Force Ouvri\u00e8re - Groupe VYV","description":"R\u00e9sister, Revendiquer, Reconqu\u00e9rir","publisher":{"@id":"https:\/\/www.fovyv.fr\/#organization"},"potentialAction":[{"@type":"SearchAction","target":{"@type":"EntryPoint","urlTemplate":"https:\/\/www.fovyv.fr\/?s={search_term_string}"},"query-input":{"@type":"PropertyValueSpecification","valueRequired":true,"valueName":"search_term_string"}}],"inLanguage":"fr-FR"},{"@type":"Organization","@id":"https:\/\/www.fovyv.fr\/#organization","name":"Syndicat Force Ouvri\u00e8re - Groupe VYV","url":"https:\/\/www.fovyv.fr\/","logo":{"@type":"ImageObject","inLanguage":"fr-FR","@id":"https:\/\/www.fovyv.fr\/#\/schema\/logo\/image\/","url":"https:\/\/www.fovyv.fr\/wp-content\/uploads\/2022\/08\/logo_fo_VYV-1.png","contentUrl":"https:\/\/www.fovyv.fr\/wp-content\/uploads\/2022\/08\/logo_fo_VYV-1.png","width":842,"height":595,"caption":"Syndicat Force Ouvri\u00e8re - Groupe VYV"},"image":{"@id":"https:\/\/www.fovyv.fr\/#\/schema\/logo\/image\/"},"sameAs":["https:\/\/www.facebook.com\/fovyvcarepaysdelaloire","https:\/\/x.com\/VYVFO","https:\/\/www.instagram.com\/fo_vyv\/?hl=fr"]}]}},"uagb_featured_image_src":{"full":false,"thumbnail":false,"medium":false,"medium_large":false,"large":false,"1536x1536":false,"2048x2048":false,"mh-magazine-lite-slider":false,"mh-magazine-lite-content":false,"mh-magazine-lite-large":false,"mh-magazine-lite-medium":false,"mh-magazine-lite-small":false},"uagb_author_info":{"display_name":"fovyv","author_link":"https:\/\/www.fovyv.fr\/?author=2"},"uagb_comment_info":0,"uagb_excerpt":"Adresse: 14 place Louis Imbach 49100 Angers T\u00e9l\u00e9phone: 06 35 95 95 78 Vincent LANCHE Email: fomutualite@gmail.com Contactez-nous :","_links":{"self":[{"href":"https:\/\/www.fovyv.fr\/index.php?rest_route=\/wp\/v2\/pages\/996","targetHints":{"allow":["GET"]}}],"collection":[{"href":"https:\/\/www.fovyv.fr\/index.php?rest_route=\/wp\/v2\/pages"}],"about":[{"href":"https:\/\/www.fovyv.fr\/index.php?rest_route=\/wp\/v2\/types\/page"}],"author":[{"embeddable":true,"href":"https:\/\/www.fovyv.fr\/index.php?rest_route=\/wp\/v2\/users\/2"}],"replies":[{"embeddable":true,"href":"https:\/\/www.fovyv.fr\/index.php?rest_route=%2Fwp%2Fv2%2Fcomments&post=996"}],"version-history":[{"count":21,"href":"https:\/\/www.fovyv.fr\/index.php?rest_route=\/wp\/v2\/pages\/996\/revisions"}],"predecessor-version":[{"id":1102,"href":"https:\/\/www.fovyv.fr\/index.php?rest_route=\/wp\/v2\/pages\/996\/revisions\/1102"}],"wp:attachment":[{"href":"https:\/\/www.fovyv.fr\/index.php?rest_route=%2Fwp%2Fv2%2Fmedia&parent=996"}],"curies":[{"name":"wp","href":"https:\/\/api.w.org\/{rel}","templated":true}]}}